{"id":177,"date":"2016-02-22T12:45:14","date_gmt":"2016-02-22T12:45:14","guid":{"rendered":"http:\/\/www.grenortrade.ee\/?page_id=177&#038;lang=de"},"modified":"2021-01-27T07:25:50","modified_gmt":"2021-01-27T07:25:50","slug":"allgemaines","status":"publish","type":"page","link":"https:\/\/grenortrade.ee\/de\/allgemaines\/","title":{"rendered":"Allgemaines"},"content":{"rendered":"<p>Die Grenor Trade O\u00dc ist ein auf dem estnischen Privatkapital basierendes Unternehmen in P\u00e4rnumaa, das sich mit der Herstellung von Hackholz besch\u00e4ftigt und im Jahre 1998 gegr\u00fcndet wurde. Wir bieten Ihnen eine Komplettl\u00f6sung zum Schneiden, Sammeln und Abtransport von Forstmaterial und Unterholz an. Au\u00dferdem werden wir dem Kunden bei der Einholung von den erforderlichen Genehmigungen helfen und die ganze Sachbehandlung \u00fcbernehmen.<\/p>\n<p>Unsere Arbeitsorganisation ist korrekt, transparent und operativ und garantiert dem Kunden die volle Erf\u00fcllung seiner Interessen sowie die Einhaltung der gesetzlichen Anforderungen. Ein effektiver und moderner Technikpark erm\u00f6glicht es, auf jedem beliebigen Boden Arbeiten mit verschiedenem Umfang durchzuf\u00fchren, ohne diesen zu besch\u00e4digen. Bei unseren T\u00e4tigkeiten gehen wir von den folgenden Prinzipien aus:<\/p>\n<ul>\n<li>Wir beachten die Rechtsakte, Regeln und Vereinbarungen.<\/li>\n<li>Wir sch\u00e4tzen die Zeit des Grundbesitzers und garantieren ihm durch einen effektiven Informationsaustausch sein Sicherheitsgef\u00fchl.<\/li>\n<li>Wir werden unsere Arbeiten durchdacht und verantwortungsbewu\u00dft ausf\u00fchren, um die eigenen Interessen und die eigene Umgebung sowie die Interessen und die Umgebung unserer Auftraggeber und Kunden nicht zu beeintr\u00e4chtigen.<\/li>\n<li>Wir garantieren durch eine hochwertige Arbeit, langj\u00e4hrige Kundenbeziehungen und eine st\u00e4ndige Verbesserung der Arbeitsorganisation die st\u00e4ndige Entwicklung des Unternehmens.<\/li>\n<\/ul>\n<p>&nbsp;<\/p>\n<p>&nbsp;<\/p>\n<p>&nbsp;<\/p>\n","protected":false},"excerpt":{"rendered":"<p>Die Grenor Trade O\u00dc ist ein auf dem estnischen Privatkapital basierendes Unternehmen in P\u00e4rnumaa, das sich mit der Herstellung von Hackholz besch\u00e4ftigt und im Jahre 1998 gegr\u00fcndet wurde. Wir bieten Ihnen eine Komplettl\u00f6sung zum Schneiden, Sammeln und Abtransport von Forstmaterial und Unterholz an. Au\u00dferdem werden wir dem Kunden bei der Einholung von den erforderlichen Genehmigungen [&hellip;]<\/p>\n","protected":false},"author":1,"featured_media":0,"parent":0,"menu_order":0,"comment_status":"closed","ping_status":"closed","template":"","meta":{"footnotes":""},"class_list":["post-177","page","type-page","status-publish","hentry"],"_links":{"self":[{"href":"https:\/\/grenortrade.ee\/de\/wp-json\/wp\/v2\/pages\/177","targetHints":{"allow":["GET"]}}],"collection":[{"href":"https:\/\/grenortrade.ee\/de\/wp-json\/wp\/v2\/pages"}],"about":[{"href":"https:\/\/grenortrade.ee\/de\/wp-json\/wp\/v2\/types\/page"}],"author":[{"embeddable":true,"href":"https:\/\/grenortrade.ee\/de\/wp-json\/wp\/v2\/users\/1"}],"replies":[{"embeddable":true,"href":"https:\/\/grenortrade.ee\/de\/wp-json\/wp\/v2\/comments?post=177"}],"version-history":[{"count":2,"href":"https:\/\/grenortrade.ee\/de\/wp-json\/wp\/v2\/pages\/177\/revisions"}],"predecessor-version":[{"id":285,"href":"https:\/\/grenortrade.ee\/de\/wp-json\/wp\/v2\/pages\/177\/revisions\/285"}],"wp:attachment":[{"href":"https:\/\/grenortrade.ee\/de\/wp-json\/wp\/v2\/media?parent=177"}],"curies":[{"name":"wp","href":"https:\/\/api.w.org\/{rel}","templated":true}]}}